{"id":39,"date":"2026-03-12T09:00:39","date_gmt":"2026-03-12T09:00:39","guid":{"rendered":"https:\/\/backup.imuhosting.com\/?page_id=39"},"modified":"2026-03-25T13:38:42","modified_gmt":"2026-03-25T13:38:42","slug":"contact","status":"publish","type":"page","link":"https:\/\/backup.imuhosting.com\/mt\/contact\/","title":{"rendered":"Kuntatt"},"content":{"rendered":"<div data-elementor-type=\"page\" data-elementor-id=\"39\" class=\"elementor elementor-39\">\n\t\t\t\t<div class=\"elementor-element elementor-element-66df473d e-con-full e-flex e-con e-parent\" data-id=\"66df473d\" data-element_type=\"container\" data-e-type=\"container\">\n\t\t<div class=\"elementor-element elementor-element-2c37bbb0 e-con-full e-flex e-con e-child\" data-id=\"2c37bbb0\" data-element_type=\"container\" data-e-type=\"container\">\n\t\t\t\t<div class=\"elementor-element elementor-element-39683fdd elementor-widget elementor-widget-image\" data-id=\"39683fdd\" data-element_type=\"widget\" data-e-type=\"widget\" data-widget_type=\"image.default\">\n\t\t\t\t\t\t\t\t\t\t\t\t\t\t\t\t<a href=\"\/mt\/home\/\">\n\t\t\t\t\t\t\t<img decoding=\"async\" width=\"218\" height=\"34\" src=\"\/wp-content\/uploads\/2026\/03\/MainHeader_logo.svg\" class=\"attachment-large size-large wp-image-45 astra-logo-svg\" alt=\"\" \/>\t\t\t\t\t\t\t\t<\/a>\n\t\t\t\t\t\t\t\t\t\t\t\t\t\t\t<\/div>\n\t\t\t\t<\/div>\n\t\t<div class=\"elementor-element elementor-element-472dba2c e-con-full e-flex e-con e-child\" data-id=\"472dba2c\" data-element_type=\"container\" data-e-type=\"container\">\n\t\t\t\t<div class=\"elementor-element elementor-element-6473fc60 eael_simple_menu_hamburger_disable_selected_menu_no eael-simple-menu-hamburger-align-right eael-hamburger--tablet elementor-widget elementor-widget-eael-simple-menu\" data-id=\"6473fc60\" data-element_type=\"widget\" data-e-type=\"widget\" data-widget_type=\"eael-simple-menu.default\">\n\t\t\t\t\t<style>\n                        @media screen and (max-width: 1024px) {\n                            .eael-hamburger--tablet {\n                                .eael-simple-menu-horizontal,\n                                .eael-simple-menu-vertical {\n                                    display: none;\n                                }\n                            }\n                            .eael-hamburger--tablet {\n                                .eael-simple-menu-container .eael-simple-menu-toggle {\n                                    display: block;\n                                }\n                            }\n                        }\n                    <\/style>            <div data-hamburger-icon=\"&lt;svg aria-hidden=&quot;true&quot; class=&quot;e-font-icon-svg e-fas-bars&quot; viewBox=&quot;0 0 448 512&quot; xmlns=&quot;http:\/\/www.w3.org\/2000\/svg&quot;&gt;&lt;path d=&quot;M16 132h416c8.837 0 16-7.163 16-16V76c0-8.837-7.163-16-16-16H16C7.163 60 0 67.163 0 76v40c0 8.837 7.163 16 16 16zm0 160h416c8.837 0 16-7.163 16-16v-40c0-8.837-7.163-16-16-16H16c-8.837 0-16 7.163-16 16v40c0 8.837 7.163 16 16 16zm0 160h416c8.837 0 16-7.163 16-16v-40c0-8.837-7.163-16-16-16H16c-8.837 0-16 7.163-16 16v40c0 8.837 7.163 16 16 16z&quot;&gt;&lt;\/path&gt;&lt;\/svg&gt;\" data-indicator-icon=\"&lt;svg aria-hidden=&quot;true&quot; class=&quot;e-font-icon-svg e-fas-angle-down&quot; viewBox=&quot;0 0 320 512&quot; xmlns=&quot;http:\/\/www.w3.org\/2000\/svg&quot;&gt;&lt;path d=&quot;M143 352.3L7 216.3c-9.4-9.4-9.4-24.6 0-33.9l22.6-22.6c9.4-9.4 24.6-9.4 33.9 0l96.4 96.4 96.4-96.4c9.4-9.4 24.6-9.4 33.9 0l22.6 22.6c9.4 9.4 9.4 24.6 0 33.9l-136 136c-9.2 9.4-24.4 9.4-33.8 0z&quot;&gt;&lt;\/path&gt;&lt;\/svg&gt;\" data-dropdown-indicator-icon=\"&lt;svg class=&quot;e-font-icon-svg e-fas-angle-down&quot; viewBox=&quot;0 0 320 512&quot; xmlns=&quot;http:\/\/www.w3.org\/2000\/svg&quot;&gt;&lt;path d=&quot;M143 352.3L7 216.3c-9.4-9.4-9.4-24.6 0-33.9l22.6-22.6c9.4-9.4 24.6-9.4 33.9 0l96.4 96.4 96.4-96.4c9.4-9.4 24.6-9.4 33.9 0l22.6 22.6c9.4 9.4 9.4 24.6 0 33.9l-136 136c-9.2 9.4-24.4 9.4-33.8 0z&quot;&gt;&lt;\/path&gt;&lt;\/svg&gt;\" class=\"eael-simple-menu-container eael-simple-menu-align-right eael-simple-menu-dropdown-align-left preset-3\" data-hamburger-breakpoints=\"{&quot;mobile&quot;:&quot;Mobile Portrait (&gt; 767px)&quot;,&quot;tablet&quot;:&quot;Tablet Portrait (&gt; 1024px)&quot;,&quot;desktop&quot;:&quot;Desktop (&gt; 2400px)&quot;,&quot;none&quot;:&quot;None&quot;}\" data-hamburger-device=\"tablet\">\n                <ul id=\"menu-expo-menu-en\" class=\"eael-simple-menu eael-simple-menu-dropdown-animate-to-top eael-simple-menu-indicator eael-simple-menu-horizontal\"><li id=\"menu-item-396\" class=\"menu-item menu-item-type-custom menu-item-object-custom menu-item-396\"><a href=\"\/mt\/register\/\" class=\"menu-link\">Irre\u0121istra<\/a><\/li>\n<li id=\"menu-item-414\" class=\"menu-item menu-item-type-custom menu-item-object-custom menu-item-414\"><a href=\"\/mt\/agenda\/\" class=\"menu-link\">A\u0121enda<\/a><\/li>\n<li id=\"menu-item-418\" class=\"menu-item menu-item-type-custom menu-item-object-custom menu-item-418\"><a href=\"\/mt\/floor-plan\/\" class=\"menu-link\">Mappa<\/a><\/li>\n<li id=\"menu-item-394\" class=\"menu-item menu-item-type-custom menu-item-object-custom menu-item-394\"><a href=\"\/mt\/contact\/\" class=\"menu-link\">Kuntatt<\/a><\/li>\n<li id=\"menu-item-404\" class=\"trp-language-switcher-container trp-menu-ls-item trp-menu-ls-desktop menu-item menu-item-type-post_type menu-item-object-language_switcher current-language-menu-item menu-item-404\"><a href=\"https:\/\/backup.imuhosting.com\/mt\/wp-json\/wp\/v2\/pages\/39\" class=\"menu-link\"><span class=\"trp-menu-ls-label\" data-no-translation title=\"\"><img loading=\"lazy\" src=\"https:\/\/backup.imuhosting.com\/wp-content\/plugins\/translatepress-multilingual\/assets\/flags\/4x3\/en_GB.svg\" class=\"trp-flag-image\" alt=\"Change language to English\" decoding=\"async\" width=\"18\" height=\"14\" \/><\/span><\/a><\/li>\n<\/ul>                <button class=\"eael-simple-menu-toggle\">\n                    <span class=\"sr-only\">Hamburger Toggle Menu<\/span>\n                    <svg aria-hidden=\"true\" class=\"e-font-icon-svg e-fas-bars\" viewbox=\"0 0 448 512\" xmlns=\"http:\/\/www.w3.org\/2000\/svg\"><path d=\"M16 132h416c8.837 0 16-7.163 16-16V76c0-8.837-7.163-16-16-16H16C7.163 60 0 67.163 0 76v40c0 8.837 7.163 16 16 16zm0 160h416c8.837 0 16-7.163 16-16v-40c0-8.837-7.163-16-16-16H16c-8.837 0-16 7.163-16 16v40c0 8.837 7.163 16 16 16zm0 160h416c8.837 0 16-7.163 16-16v-40c0-8.837-7.163-16-16-16H16c-8.837 0-16 7.163-16 16v40c0 8.837 7.163 16 16 16z\"><\/path><\/svg>                <\/button>\n            <\/div>\n            \t\t\t\t<\/div>\n\t\t\t\t<\/div>\n\t\t\t\t<\/div>\n\t\t<div class=\"elementor-element elementor-element-be67336 e-flex e-con-boxed e-con e-parent\" data-id=\"be67336\" data-element_type=\"container\" data-e-type=\"container\" data-settings=\"{&quot;background_background&quot;:&quot;classic&quot;}\">\n\t\t\t\t\t<div class=\"e-con-inner\">\n\t\t<div class=\"elementor-element elementor-element-608c397 e-con-full e-flex e-con e-child\" data-id=\"608c397\" data-element_type=\"container\" data-e-type=\"container\">\n\t\t\t\t<div class=\"elementor-element elementor-element-73ea17c8 elementor-widget elementor-widget-text-editor\" data-id=\"73ea17c8\" data-element_type=\"widget\" data-e-type=\"widget\" data-widget_type=\"text-editor.default\">\n\t\t\t\t\t\t\t\t\t<p>Ikkuntattjana<\/p>\t\t\t\t\t\t\t\t<\/div>\n\t\t\t\t<div class=\"elementor-element elementor-element-1978db1 elementor-widget__width-inherit elementor-widget elementor-widget-html\" data-id=\"1978db1\" data-element_type=\"widget\" data-e-type=\"widget\" data-widget_type=\"html.default\">\n\t\t\t\t\t<!-- Location -->\r\n<div style=\"width: 100%; justify-content: flex-start; align-items: center; gap: 10px; display: inline-flex\">\r\n    <img decoding=\"async\" src=\"\/wp-content\/uploads\/2026\/03\/posizione.svg\" style=\"width: 30px; height: 30px; object-fit: contain; flex-shrink: 0;\" \/>\r\n    <div>\r\n        <span style=\"color: #1E1E1E; font-size: 16px; font-family: Red Hat Display; font-weight: 500; letter-spacing: 0.80px; word-wrap: break-word;\">Malta Fairs &amp; Conventions Centre (MFCC)<br\/><\/span>\r\n        <span style=\"color: #1E1E1E; font-size: 16px; font-family: Red Hat Display; font-weight: 400; letter-spacing: 0.80px; word-wrap: break-word;\">L-Istadium Nazzjonali, Millennium Stand Attard ATD 4000<\/span>\r\n    <\/div>\r\n<\/div>\r\n\r\n<!-- Spacer -->\r\n<div style=\"margin-bottom: 14px;\"><\/div>\r\n\r\n<!-- Email -->\r\n<div style=\"width: 100%; justify-content: flex-start; align-items: center; gap: 10px; display: inline-flex\">\r\n    <img decoding=\"async\" src=\"\/wp-content\/uploads\/2026\/03\/mail.svg\" style=\"width: 30px; height: 30px; object-fit: contain; flex-shrink: 0;\" \/>\r\n    <a href=\"mailto:pse@gov.mt\" style=\"color: #1E1E1E; font-size: 16px; font-family: Red Hat Display; font-weight: 400; letter-spacing: 0.80px; word-wrap: break-word; text-decoration: none;\">pse@gov.mt<\/a>\r\n<\/div>\r\n\r\n<!-- Spacer -->\r\n<div style=\"margin-bottom: 14px;\"><\/div>\r\n\r\n<!-- Telephone -->\r\n<div style=\"width: 100%; justify-content: flex-start; align-items: center; gap: 10px; display: inline-flex\">\r\n    <img decoding=\"async\" src=\"\/wp-content\/uploads\/2026\/03\/telefono.svg\" style=\"width: 30px; height: 30px; object-fit: contain; flex-shrink: 0;\" \/>\r\n    <a href=\"tel:22001526\" style=\"color: #1E1E1E; font-size: 16px; font-family: Red Hat Display; font-weight: 400; letter-spacing: 0.80px; word-wrap: break-word; text-decoration: none;\">2200 1526<\/a>\r\n<\/div>\r\n\r\n<!-- Spacer -->\r\n<div style=\"margin-bottom: 52px;\"><\/div>\r\n\r\n<!-- Social Media -->\r\n<div style=\"width: 100%; justify-content: flex-start; align-items: center; gap: 20px; display: inline-flex\">\r\n    \r\n    <div style=\"color:#1E1E1E; font-size: 16px; font-family: Red Hat Display; font-weight: 400; letter-spacing: 0.80px; word-wrap: break-word;\">\r\n        Segwina:\r\n    <\/div>\r\n\r\n    <div style=\"justify-content: flex-start; align-items: center; gap: 10px; display: flex\">\r\n\r\n        <a href=\"https:\/\/www.tiktok.com\/@malta_psofficial\" target=\"_blank\">\r\n            <img decoding=\"async\" src=\"\/wp-content\/uploads\/2026\/03\/tiktok.png\" style=\"width: 20px; height: 20px; object-fit: contain; flex-shrink: 0;\" \/>\r\n        <\/a>\r\n\r\n        <a href=\"https:\/\/www.instagram.com\/servizz_pubbliku\/\" target=\"_blank\">\r\n            <img decoding=\"async\" src=\"\/wp-content\/uploads\/2026\/03\/insta.png\" style=\"width: 20px; height: 20px; object-fit: contain; flex-shrink: 0;\" \/>\r\n        <\/a>\r\n\r\n        <a href=\"https:\/\/www.facebook.com\/servizzpubbliku\" target=\"_blank\">\r\n            <img decoding=\"async\" src=\"\/wp-content\/uploads\/2026\/03\/facebook.png\" style=\"width: 20px; height: 20px; object-fit: contain; flex-shrink: 0;\" \/>\r\n        <\/a>\r\n\r\n    <\/div>\r\n\r\n<\/div>\t\t\t\t<\/div>\n\t\t\t\t<\/div>\n\t\t<div class=\"elementor-element elementor-element-4893e73 e-con-full e-flex e-con e-child\" data-id=\"4893e73\" data-element_type=\"container\" data-e-type=\"container\">\n\t\t\t\t<div class=\"elementor-element elementor-element-b9bdf9e elementor-widget__width-initial elementor-widget elementor-widget-html\" data-id=\"b9bdf9e\" data-element_type=\"widget\" data-e-type=\"widget\" data-widget_type=\"html.default\">\n\t\t\t\t\t<iframe src=\"https:\/\/www.google.com\/maps\/embed?pb=!1m18!1m12!1m3!1d6464.056663453648!2d14.41296824250395!3d35.89732177876604!2m3!1f0!2f0!3f0!3m2!1i1024!2i768!4f13.1!3m3!1m2!1s0x130e51ce2e8b45cb%3A0x868c366b1cfd4f4d!2sMalta%20Fairs%20%26%20Conventions%20Centre%20(MFCC)!5e0!3m2!1sen!2smt!4v1773664096816!5m2!1sen!2smt\" width=\"100%\" height=\"530\" style=\"border:0;\" allowfullscreen=\"\" loading=\"lazy\" referrerpolicy=\"no-referrer-when-downgrade\"><\/iframe>\t\t\t\t<\/div>\n\t\t\t\t<\/div>\n\t\t\t\t\t<\/div>\n\t\t\t\t<\/div>\n\t\t<div class=\"elementor-element elementor-element-1535f25b e-con-full e-flex e-con e-parent\" data-id=\"1535f25b\" data-element_type=\"container\" data-e-type=\"container\">\n\t\t<div class=\"elementor-element elementor-element-6bfeab1e e-con-full e-flex e-con e-child\" data-id=\"6bfeab1e\" data-element_type=\"container\" data-e-type=\"container\">\n\t\t\t\t<div class=\"elementor-element elementor-element-79699aa4 elementor-widget elementor-widget-image\" data-id=\"79699aa4\" data-element_type=\"widget\" data-e-type=\"widget\" data-widget_type=\"image.default\">\n\t\t\t\t\t\t\t\t\t\t\t\t\t\t\t<img decoding=\"async\" width=\"333\" height=\"52\" src=\"\/wp-content\/uploads\/2026\/03\/Footer_Logo.svg\" class=\"attachment-large size-large wp-image-24\" alt=\"\" \/>\t\t\t\t\t\t\t\t\t\t\t\t\t\t\t<\/div>\n\t\t\t\t<\/div>\n\t\t<div class=\"elementor-element elementor-element-632185e4 e-con-full e-flex e-con e-child\" data-id=\"632185e4\" data-element_type=\"container\" data-e-type=\"container\">\n\t\t\t\t<div class=\"elementor-element elementor-element-359208f1 elementor-widget elementor-widget-heading\" data-id=\"359208f1\" data-element_type=\"widget\" data-e-type=\"widget\" data-widget_type=\"heading.default\">\n\t\t\t\t\t<h2 class=\"elementor-heading-title elementor-size-default\">Dwarna<\/h2>\t\t\t\t<\/div>\n\t\t\t\t<div class=\"elementor-element elementor-element-4efea7a9 elementor-widget elementor-widget-text-editor\" data-id=\"4efea7a9\" data-element_type=\"widget\" data-e-type=\"widget\" data-widget_type=\"text-editor.default\">\n\t\t\t\t\t\t\t\t\t<p>L-Expo Village '26 huwa organizzat mis-Servizz Pubbliku bejn l-20 u l-24 ta' Mejju 2026 fl-MFCC, Ta' Qali. G\u0127al aktar tag\u0127rif \u017cur il-midja so\u010bjali tag\u0127na!<\/p>\t\t\t\t\t\t\t\t<\/div>\n\t\t\t\t<\/div>\n\t\t<div class=\"elementor-element elementor-element-64a2179a e-con-full e-flex e-con e-child\" data-id=\"64a2179a\" data-element_type=\"container\" data-e-type=\"container\">\n\t\t\t\t<div class=\"elementor-element elementor-element-2f253fae elementor-widget elementor-widget-heading\" data-id=\"2f253fae\" data-element_type=\"widget\" data-e-type=\"widget\" data-widget_type=\"heading.default\">\n\t\t\t\t\t<h2 class=\"elementor-heading-title elementor-size-default\">Ikkuntattjana<\/h2>\t\t\t\t<\/div>\n\t\t\t\t<div class=\"elementor-element elementor-element-de8ed8e elementor-widget elementor-widget-text-editor\" data-id=\"de8ed8e\" data-element_type=\"widget\" data-e-type=\"widget\" data-widget_type=\"text-editor.default\">\n\t\t\t\t\t\t\t\t\t<p><img decoding=\"async\" class=\"alignnone wp-image-155\" style=\"margin-right: 10px;\" src=\"\/wp-content\/uploads\/2026\/03\/envelope.png\" alt=\"\" width=\"21\" height=\"17\" \/><a href=\"mailto:pse@gov.mt\">pse@gov.mt<\/a><\/p>\t\t\t\t\t\t\t\t<\/div>\n\t\t\t\t<div class=\"elementor-element elementor-element-4e07301b elementor-widget elementor-widget-text-editor\" data-id=\"4e07301b\" data-element_type=\"widget\" data-e-type=\"widget\" data-widget_type=\"text-editor.default\">\n\t\t\t\t\t\t\t\t\tSegwina:\n<a href=\"https:\/\/www.tiktok.com\/@malta_psofficial\" target=\"_blank\" rel=\"noopener noreferrer\">\n  <img loading=\"lazy\" decoding=\"async\" style=\"margin-left: 20px; margin-right: 10px; vertical-align: middle;\" src=\"\/wp-content\/uploads\/2026\/03\/tiktok.png\" width=\"20\" height=\"20\" \/>\n<\/a>\n<a href=\"https:\/\/www.instagram.com\/servizz_pubbliku\/\" target=\"_blank\" rel=\"noopener noreferrer\">\n  <img loading=\"lazy\" decoding=\"async\" style=\"margin-right: 10px; vertical-align: middle;\" src=\"\/wp-content\/uploads\/2026\/03\/insta.png\" width=\"20\" height=\"20\" \/>\n<\/a>\n<a href=\"https:\/\/www.facebook.com\/servizzpubbliku\" target=\"_blank\" rel=\"noopener noreferrer\">\n  <img loading=\"lazy\" decoding=\"async\" style=\"vertical-align: middle;\" src=\"\/wp-content\/uploads\/2026\/03\/facebook.png\" width=\"20\" height=\"20\" \/>\n<\/a>\t\t\t\t\t\t\t\t<\/div>\n\t\t\t\t<\/div>\n\t\t<div class=\"elementor-element elementor-element-33bb60db e-con-full e-flex e-con e-child\" data-id=\"33bb60db\" data-element_type=\"container\" data-e-type=\"container\">\n\t\t\t\t<div class=\"elementor-element elementor-element-6fea1560 elementor-widget elementor-widget-text-editor\" data-id=\"6fea1560\" data-element_type=\"widget\" data-e-type=\"widget\" data-widget_type=\"text-editor.default\">\n\t\t\t\t\t\t\t\t\t<p>Copyright \u00a9 2026 Expo Village \u201826<\/p>\t\t\t\t\t\t\t\t<\/div>\n\t\t\t\t<\/div>\n\t\t<div class=\"elementor-element elementor-element-171cb0d e-con-full e-flex e-con e-child\" data-id=\"171cb0d\" data-element_type=\"container\" data-e-type=\"container\">\n\t\t\t\t<div class=\"elementor-element elementor-element-2176992b elementor-widget elementor-widget-text-editor\" data-id=\"2176992b\" data-element_type=\"widget\" data-e-type=\"widget\" data-widget_type=\"text-editor.default\">\n\t\t\t\t\t\t\t\t\t<div style=\"display: flex; justify-content: space-between; align-items: center; flex-wrap: wrap; width: 100%; font-family: 'Red Hat Display', sans-serif; font-size: 12px; text-transform: uppercase; letter-spacing: 0.6px; color: #1e1e1e;\">\n<div style=\"display: flex; gap: 40px;\"><a style=\"color: #1e1e1e; text-decoration: none;\" href=\"https:\/\/publicservice.gov.mt\/mt\/page\/privacy-policy\" target=\"_blank\" rel=\"noopener noreferrer\">Politika tal-Privatezza<\/a>\n<a style=\"color: #1e1e1e; text-decoration: none;\" href=\"https:\/\/publicservice.gov.mt\/mt\/page\/terms-of-use\" target=\"_blank\" rel=\"noopener noreferrer\">Termini tal-U\u017cu<\/a>\n<a style=\"color: #1e1e1e; text-decoration: none;\" href=\"https:\/\/publicservice.gov.mt\/mt\/page\/accessibility-statement\" target=\"_blank\" rel=\"noopener noreferrer\">Dikjarazzjoni ta' A\u010b\u010bessibilit\u00e0<\/a>\n<a style=\"color: #1e1e1e; text-decoration: none;\" href=\"https:\/\/publicservice.gov.mt\/mt\/page\/cookie-policy\" target=\"_blank\" rel=\"noopener noreferrer\">Cookie Policy<\/a><\/div>\n<\/div>\t\t\t\t\t\t\t\t<\/div>\n\t\t\t\t<\/div>\n\t\t\t\t<\/div>\n\t\t\t\t<\/div>","protected":false},"excerpt":{"rendered":"<p>Register Agenda Floor Plan Contact Hamburger Toggle Menu Contact Us Malta Fairs &#038; Conventions Centre (MFCC) The National Stadium, Millennium [&hellip;]<\/p>\n","protected":false},"author":1,"featured_media":0,"parent":0,"menu_order":0,"comment_status":"closed","ping_status":"closed","template":"elementor_canvas","meta":{"site-sidebar-layout":"default","site-content-layout":"","ast-site-content-layout":"default","site-content-style":"default","site-sidebar-style":"default","ast-global-header-display":"","ast-banner-title-visibility":"","ast-main-header-display":"","ast-hfb-above-header-display":"","ast-hfb-below-header-display":"","ast-hfb-mobile-header-display":"","site-post-title":"disabled","ast-breadcrumbs-content":"","ast-featured-img":"","footer-sml-layout":"","ast-disable-related-posts":"","theme-transparent-header-meta":"","adv-header-id-meta":"","stick-header-meta":"","header-above-stick-meta":"","header-main-stick-meta":"","header-below-stick-meta":"","astra-migrate-meta-layouts":"default","ast-page-background-enabled":"default","ast-page-background-meta":{"desktop":{"background-color":"var(--ast-global-color-5)","background-image":"","background-repeat":"repeat","background-position":"center center","background-size":"auto","background-attachment":"scroll","background-type":"","background-media":"","overlay-type":"","overlay-color":"","overlay-opacity":"","overlay-gradient":""},"tablet":{"background-color":"","background-image":"","background-repeat":"repeat","background-position":"center center","background-size":"auto","background-attachment":"scroll","background-type":"","background-media":"","overlay-type":"","overlay-color":"","overlay-opacity":"","overlay-gradient":""},"mobile":{"background-color":"","background-image":"","background-repeat":"repeat","background-position":"center center","background-size":"auto","background-attachment":"scroll","background-type":"","background-media":"","overlay-type":"","overlay-color":"","overlay-opacity":"","overlay-gradient":""}},"ast-content-background-meta":{"desktop":{"background-color":"var(--ast-global-color-4)","background-image":"","background-repeat":"repeat","background-position":"center center","background-size":"auto","background-attachment":"scroll","background-type":"","background-media":"","overlay-type":"","overlay-color":"","overlay-opacity":"","overlay-gradient":""},"tablet":{"background-color":"var(--ast-global-color-4)","background-image":"","background-repeat":"repeat","background-position":"center center","background-size":"auto","background-attachment":"scroll","background-type":"","background-media":"","overlay-type":"","overlay-color":"","overlay-opacity":"","overlay-gradient":""},"mobile":{"background-color":"var(--ast-global-color-4)","background-image":"","background-repeat":"repeat","background-position":"center center","background-size":"auto","background-attachment":"scroll","background-type":"","background-media":"","overlay-type":"","overlay-color":"","overlay-opacity":"","overlay-gradient":""}},"footnotes":""},"class_list":["post-39","page","type-page","status-publish","hentry"],"_hostinger_reach_plugin_has_subscription_block":false,"_hostinger_reach_plugin_is_elementor":false,"_links":{"self":[{"href":"https:\/\/backup.imuhosting.com\/mt\/wp-json\/wp\/v2\/pages\/39","targetHints":{"allow":["GET"]}}],"collection":[{"href":"https:\/\/backup.imuhosting.com\/mt\/wp-json\/wp\/v2\/pages"}],"about":[{"href":"https:\/\/backup.imuhosting.com\/mt\/wp-json\/wp\/v2\/types\/page"}],"author":[{"embeddable":true,"href":"https:\/\/backup.imuhosting.com\/mt\/wp-json\/wp\/v2\/users\/1"}],"replies":[{"embeddable":true,"href":"https:\/\/backup.imuhosting.com\/mt\/wp-json\/wp\/v2\/comments?post=39"}],"version-history":[{"count":28,"href":"https:\/\/backup.imuhosting.com\/mt\/wp-json\/wp\/v2\/pages\/39\/revisions"}],"predecessor-version":[{"id":452,"href":"https:\/\/backup.imuhosting.com\/mt\/wp-json\/wp\/v2\/pages\/39\/revisions\/452"}],"wp:attachment":[{"href":"https:\/\/backup.imuhosting.com\/mt\/wp-json\/wp\/v2\/media?parent=39"}],"curies":[{"name":"wp","href":"https:\/\/api.w.org\/{rel}","templated":true}]}}