{"id":37,"date":"2026-03-12T09:00:12","date_gmt":"2026-03-12T09:00:12","guid":{"rendered":"https:\/\/backup.imuhosting.com\/?page_id=37"},"modified":"2026-03-25T12:59:35","modified_gmt":"2026-03-25T12:59:35","slug":"floor-plan","status":"publish","type":"page","link":"https:\/\/backup.imuhosting.com\/mt\/floor-plan\/","title":{"rendered":"Mappa"},"content":{"rendered":"<div data-elementor-type=\"page\" data-elementor-id=\"37\" class=\"elementor elementor-37\">\n\t\t\t\t<div class=\"elementor-element elementor-element-683f0622 e-con-full e-flex e-con e-parent\" data-id=\"683f0622\" data-element_type=\"container\" data-e-type=\"container\" data-settings=\"{&quot;background_background&quot;:&quot;classic&quot;}\">\n\t\t<div class=\"elementor-element elementor-element-7dc80854 e-con-full e-flex e-con e-child\" data-id=\"7dc80854\" data-element_type=\"container\" data-e-type=\"container\">\n\t\t\t\t<div class=\"elementor-element elementor-element-78b33eed elementor-widget elementor-widget-image\" data-id=\"78b33eed\" data-element_type=\"widget\" data-e-type=\"widget\" data-widget_type=\"image.default\">\n\t\t\t\t\t\t\t\t\t\t\t\t\t\t\t\t<a href=\"\/mt\/home\/\">\n\t\t\t\t\t\t\t<img decoding=\"async\" width=\"218\" height=\"34\" src=\"\/wp-content\/uploads\/2026\/03\/MainHeader_logo.svg\" class=\"attachment-large size-large wp-image-45 astra-logo-svg\" alt=\"\" \/>\t\t\t\t\t\t\t\t<\/a>\n\t\t\t\t\t\t\t\t\t\t\t\t\t\t\t<\/div>\n\t\t\t\t<\/div>\n\t\t<div class=\"elementor-element elementor-element-6235cd1b e-con-full e-flex e-con e-child\" data-id=\"6235cd1b\" data-element_type=\"container\" data-e-type=\"container\">\n\t\t\t\t<div class=\"elementor-element elementor-element-3c2465a7 eael_simple_menu_hamburger_disable_selected_menu_no eael-simple-menu-hamburger-align-right eael-hamburger--tablet elementor-widget elementor-widget-eael-simple-menu\" data-id=\"3c2465a7\" data-element_type=\"widget\" data-e-type=\"widget\" data-widget_type=\"eael-simple-menu.default\">\n\t\t\t\t\t<style>\n                        @media screen and (max-width: 1024px) {\n                            .eael-hamburger--tablet {\n                                .eael-simple-menu-horizontal,\n                                .eael-simple-menu-vertical {\n                                    display: none;\n                                }\n                            }\n                            .eael-hamburger--tablet {\n                                .eael-simple-menu-container .eael-simple-menu-toggle {\n                                    display: block;\n                                }\n                            }\n                        }\n                    <\/style>            <div data-hamburger-icon=\"&lt;svg aria-hidden=&quot;true&quot; class=&quot;e-font-icon-svg e-fas-bars&quot; viewBox=&quot;0 0 448 512&quot; xmlns=&quot;http:\/\/www.w3.org\/2000\/svg&quot;&gt;&lt;path d=&quot;M16 132h416c8.837 0 16-7.163 16-16V76c0-8.837-7.163-16-16-16H16C7.163 60 0 67.163 0 76v40c0 8.837 7.163 16 16 16zm0 160h416c8.837 0 16-7.163 16-16v-40c0-8.837-7.163-16-16-16H16c-8.837 0-16 7.163-16 16v40c0 8.837 7.163 16 16 16zm0 160h416c8.837 0 16-7.163 16-16v-40c0-8.837-7.163-16-16-16H16c-8.837 0-16 7.163-16 16v40c0 8.837 7.163 16 16 16z&quot;&gt;&lt;\/path&gt;&lt;\/svg&gt;\" data-indicator-icon=\"&lt;svg aria-hidden=&quot;true&quot; class=&quot;e-font-icon-svg e-fas-angle-down&quot; viewBox=&quot;0 0 320 512&quot; xmlns=&quot;http:\/\/www.w3.org\/2000\/svg&quot;&gt;&lt;path d=&quot;M143 352.3L7 216.3c-9.4-9.4-9.4-24.6 0-33.9l22.6-22.6c9.4-9.4 24.6-9.4 33.9 0l96.4 96.4 96.4-96.4c9.4-9.4 24.6-9.4 33.9 0l22.6 22.6c9.4 9.4 9.4 24.6 0 33.9l-136 136c-9.2 9.4-24.4 9.4-33.8 0z&quot;&gt;&lt;\/path&gt;&lt;\/svg&gt;\" data-dropdown-indicator-icon=\"&lt;svg class=&quot;e-font-icon-svg e-fas-angle-down&quot; viewBox=&quot;0 0 320 512&quot; xmlns=&quot;http:\/\/www.w3.org\/2000\/svg&quot;&gt;&lt;path d=&quot;M143 352.3L7 216.3c-9.4-9.4-9.4-24.6 0-33.9l22.6-22.6c9.4-9.4 24.6-9.4 33.9 0l96.4 96.4 96.4-96.4c9.4-9.4 24.6-9.4 33.9 0l22.6 22.6c9.4 9.4 9.4 24.6 0 33.9l-136 136c-9.2 9.4-24.4 9.4-33.8 0z&quot;&gt;&lt;\/path&gt;&lt;\/svg&gt;\" class=\"eael-simple-menu-container eael-simple-menu-align-right eael-simple-menu-dropdown-align-left preset-3\" data-hamburger-breakpoints=\"{&quot;mobile&quot;:&quot;Mobile Portrait (&gt; 767px)&quot;,&quot;tablet&quot;:&quot;Tablet Portrait (&gt; 1024px)&quot;,&quot;desktop&quot;:&quot;Desktop (&gt; 2400px)&quot;,&quot;none&quot;:&quot;None&quot;}\" data-hamburger-device=\"tablet\">\n                <ul id=\"menu-expo-menu-en\" class=\"eael-simple-menu eael-simple-menu-dropdown-animate-to-top eael-simple-menu-indicator eael-simple-menu-horizontal\"><li id=\"menu-item-396\" class=\"menu-item menu-item-type-custom menu-item-object-custom menu-item-396\"><a href=\"\/mt\/register\/\" class=\"menu-link\">Irre\u0121istra<\/a><\/li>\n<li id=\"menu-item-414\" class=\"menu-item menu-item-type-custom menu-item-object-custom menu-item-414\"><a href=\"\/mt\/agenda\/\" class=\"menu-link\">A\u0121enda<\/a><\/li>\n<li id=\"menu-item-418\" class=\"menu-item menu-item-type-custom menu-item-object-custom menu-item-418\"><a href=\"\/mt\/floor-plan\/\" class=\"menu-link\">Mappa<\/a><\/li>\n<li id=\"menu-item-394\" class=\"menu-item menu-item-type-custom menu-item-object-custom menu-item-394\"><a href=\"\/mt\/contact\/\" class=\"menu-link\">Kuntatt<\/a><\/li>\n<li id=\"menu-item-404\" class=\"trp-language-switcher-container trp-menu-ls-item trp-menu-ls-desktop menu-item menu-item-type-post_type menu-item-object-language_switcher current-language-menu-item menu-item-404\"><a href=\"https:\/\/backup.imuhosting.com\/mt\/wp-json\/wp\/v2\/pages\/37\" class=\"menu-link\"><span class=\"trp-menu-ls-label\" data-no-translation title=\"\"><img loading=\"lazy\" src=\"https:\/\/backup.imuhosting.com\/wp-content\/plugins\/translatepress-multilingual\/assets\/flags\/4x3\/en_GB.svg\" class=\"trp-flag-image\" alt=\"Change language to English\" decoding=\"async\" width=\"18\" height=\"14\" \/><\/span><\/a><\/li>\n<\/ul>                <button class=\"eael-simple-menu-toggle\">\n                    <span class=\"sr-only\">Hamburger Toggle Menu<\/span>\n                    <svg aria-hidden=\"true\" class=\"e-font-icon-svg e-fas-bars\" viewbox=\"0 0 448 512\" xmlns=\"http:\/\/www.w3.org\/2000\/svg\"><path d=\"M16 132h416c8.837 0 16-7.163 16-16V76c0-8.837-7.163-16-16-16H16C7.163 60 0 67.163 0 76v40c0 8.837 7.163 16 16 16zm0 160h416c8.837 0 16-7.163 16-16v-40c0-8.837-7.163-16-16-16H16c-8.837 0-16 7.163-16 16v40c0 8.837 7.163 16 16 16zm0 160h416c8.837 0 16-7.163 16-16v-40c0-8.837-7.163-16-16-16H16c-8.837 0-16 7.163-16 16v40c0 8.837 7.163 16 16 16z\"><\/path><\/svg>                <\/button>\n            <\/div>\n            \t\t\t\t<\/div>\n\t\t\t\t<\/div>\n\t\t\t\t<\/div>\n\t\t<div class=\"elementor-element elementor-element-6eca75ed e-con-full e-flex e-con e-parent\" data-id=\"6eca75ed\" data-element_type=\"container\" data-e-type=\"container\" data-settings=\"{&quot;background_background&quot;:&quot;classic&quot;}\">\n\t\t\t\t<div class=\"elementor-element elementor-element-56570de1 elementor-widget elementor-widget-text-editor\" data-id=\"56570de1\" data-element_type=\"widget\" data-e-type=\"widget\" data-widget_type=\"text-editor.default\">\n\t\t\t\t\t\t\t\t\t<p>Mappa<\/p>\t\t\t\t\t\t\t\t<\/div>\n\t\t\t\t<div class=\"elementor-element elementor-element-5e7da3ef elementor-hidden-desktop elementor-hidden-tablet elementor-hidden-mobile elementor-widget elementor-widget-text-editor\" data-id=\"5e7da3ef\" data-element_type=\"widget\" data-e-type=\"widget\" data-widget_type=\"text-editor.default\">\n\t\t\t\t\t\t\t\t\t<p>Floor plan text goes here<\/p>\t\t\t\t\t\t\t\t<\/div>\n\t\t<div class=\"elementor-element elementor-element-63ca987 e-con-full e-flex e-con e-child\" data-id=\"63ca987\" data-element_type=\"container\" data-e-type=\"container\" data-settings=\"{&quot;background_background&quot;:&quot;classic&quot;}\">\n\t\t\t\t<div class=\"elementor-element elementor-element-52d3a47 elementor-widget elementor-widget-text-editor\" data-id=\"52d3a47\" data-element_type=\"widget\" data-e-type=\"widget\" data-widget_type=\"text-editor.default\">\n\t\t\t\t\t\t\t\t\t<p>Araha S\u0127ie\u0127a<\/p>\t\t\t\t\t\t\t\t<\/div>\n\t\t\t\t<\/div>\n\t\t<div class=\"elementor-element elementor-element-7635a793 e-con-full e-flex e-con e-child\" data-id=\"7635a793\" data-element_type=\"container\" data-e-type=\"container\">\n\t\t\t\t<div class=\"elementor-element elementor-element-614ce70 elementor-widget__width-inherit elementor-widget elementor-widget-html\" data-id=\"614ce70\" data-element_type=\"widget\" data-e-type=\"widget\" data-widget_type=\"html.default\">\n\t\t\t\t\t<div style=\"width:100%; height: 593px; position: relative;\"><iframe style=\"position: relative;width:100%; height:1000px;\" src=\"https:\/\/publicservicexpo.expofp.com?allowConsent=false\" allow=\"clipboard-read; clipboard-write\"><\/iframe><\/div>\t\t\t\t<\/div>\n\t\t\t\t<\/div>\n\t\t\t\t<\/div>\n\t\t<div class=\"elementor-element elementor-element-28a722be e-con-full e-flex e-con e-parent\" data-id=\"28a722be\" data-element_type=\"container\" data-e-type=\"container\">\n\t\t<div class=\"elementor-element elementor-element-6350b86c e-con-full e-flex e-con e-child\" data-id=\"6350b86c\" data-element_type=\"container\" data-e-type=\"container\">\n\t\t\t\t<div class=\"elementor-element elementor-element-169e375f elementor-widget elementor-widget-image\" data-id=\"169e375f\" data-element_type=\"widget\" data-e-type=\"widget\" data-widget_type=\"image.default\">\n\t\t\t\t\t\t\t\t\t\t\t\t\t\t\t<img decoding=\"async\" width=\"333\" height=\"52\" src=\"\/wp-content\/uploads\/2026\/03\/Footer_Logo.svg\" class=\"attachment-large size-large wp-image-24\" alt=\"\" \/>\t\t\t\t\t\t\t\t\t\t\t\t\t\t\t<\/div>\n\t\t\t\t<\/div>\n\t\t<div class=\"elementor-element elementor-element-296a23a7 e-con-full e-flex e-con e-child\" data-id=\"296a23a7\" data-element_type=\"container\" data-e-type=\"container\">\n\t\t\t\t<div class=\"elementor-element elementor-element-7b2bbb49 elementor-widget elementor-widget-heading\" data-id=\"7b2bbb49\" data-element_type=\"widget\" data-e-type=\"widget\" data-widget_type=\"heading.default\">\n\t\t\t\t\t<h2 class=\"elementor-heading-title elementor-size-default\">Dwarna<\/h2>\t\t\t\t<\/div>\n\t\t\t\t<div class=\"elementor-element elementor-element-115bb841 elementor-widget elementor-widget-text-editor\" data-id=\"115bb841\" data-element_type=\"widget\" data-e-type=\"widget\" data-widget_type=\"text-editor.default\">\n\t\t\t\t\t\t\t\t\t<p>L-Expo Village '26 huwa organizzat mis-Servizz Pubbliku bejn l-20 u l-24 ta' Mejju 2026 fl-MFCC, Ta' Qali. G\u0127al aktar tag\u0127rif \u017cur il-midja so\u010bjali tag\u0127na!<\/p>\t\t\t\t\t\t\t\t<\/div>\n\t\t\t\t<\/div>\n\t\t<div class=\"elementor-element elementor-element-270d8ae e-con-full e-flex e-con e-child\" data-id=\"270d8ae\" data-element_type=\"container\" data-e-type=\"container\">\n\t\t\t\t<div class=\"elementor-element elementor-element-204970f8 elementor-widget elementor-widget-heading\" data-id=\"204970f8\" data-element_type=\"widget\" data-e-type=\"widget\" data-widget_type=\"heading.default\">\n\t\t\t\t\t<h2 class=\"elementor-heading-title elementor-size-default\">Ikkuntattjana<\/h2>\t\t\t\t<\/div>\n\t\t\t\t<div class=\"elementor-element elementor-element-49a854b2 elementor-widget elementor-widget-text-editor\" data-id=\"49a854b2\" data-element_type=\"widget\" data-e-type=\"widget\" data-widget_type=\"text-editor.default\">\n\t\t\t\t\t\t\t\t\t<img class=\"alignnone wp-image-155\" \nsrc=\"\/wp-content\/uploads\/2026\/03\/envelope.png\" \nalt=\"\" width=\"21\" height=\"17\" style=\"margin-right:10px;\" \/>\n\n<a href=\"mailto:pse@gov.mt\">pse@gov.mt<\/a>\t\t\t\t\t\t\t\t<\/div>\n\t\t\t\t<div class=\"elementor-element elementor-element-28f40910 elementor-widget elementor-widget-text-editor\" data-id=\"28f40910\" data-element_type=\"widget\" data-e-type=\"widget\" data-widget_type=\"text-editor.default\">\n\t\t\t\t\t\t\t\t\tSegwina:\n<a href=\"https:\/\/www.tiktok.com\/@malta_psofficial\" target=\"_blank\" rel=\"noopener noreferrer\">\n  <img loading=\"lazy\" decoding=\"async\" style=\"margin-left: 20px; margin-right: 10px; vertical-align: middle;\" src=\"\/wp-content\/uploads\/2026\/03\/tiktok.png\" width=\"20\" height=\"20\" \/>\n<\/a>\n<a href=\"https:\/\/www.instagram.com\/servizz_pubbliku\/\" target=\"_blank\" rel=\"noopener noreferrer\">\n  <img loading=\"lazy\" decoding=\"async\" style=\"margin-right: 10px; vertical-align: middle;\" src=\"\/wp-content\/uploads\/2026\/03\/insta.png\" width=\"20\" height=\"20\" \/>\n<\/a>\n<a href=\"https:\/\/www.facebook.com\/servizzpubbliku\" target=\"_blank\" rel=\"noopener noreferrer\">\n  <img loading=\"lazy\" decoding=\"async\" style=\"vertical-align: middle;\" src=\"\/wp-content\/uploads\/2026\/03\/facebook.png\" width=\"20\" height=\"20\" \/>\n<\/a>\t\t\t\t\t\t\t\t<\/div>\n\t\t\t\t<\/div>\n\t\t<div class=\"elementor-element elementor-element-2e7cbda9 e-con-full e-flex e-con e-child\" data-id=\"2e7cbda9\" data-element_type=\"container\" data-e-type=\"container\">\n\t\t\t\t<div class=\"elementor-element elementor-element-3f7626f elementor-widget elementor-widget-text-editor\" data-id=\"3f7626f\" data-element_type=\"widget\" data-e-type=\"widget\" data-widget_type=\"text-editor.default\">\n\t\t\t\t\t\t\t\t\t<p>Copyright \u00a9 2026 Expo Village \u201826<\/p>\t\t\t\t\t\t\t\t<\/div>\n\t\t\t\t<\/div>\n\t\t<div class=\"elementor-element elementor-element-35aeadda e-con-full e-flex e-con e-child\" data-id=\"35aeadda\" data-element_type=\"container\" data-e-type=\"container\">\n\t\t\t\t<div class=\"elementor-element elementor-element-20e0b471 elementor-widget elementor-widget-text-editor\" data-id=\"20e0b471\" data-element_type=\"widget\" data-e-type=\"widget\" data-widget_type=\"text-editor.default\">\n\t\t\t\t\t\t\t\t\t<div style=\"display: flex; justify-content: space-between; align-items: center; flex-wrap: wrap; width: 100%; font-family: 'Red Hat Display', sans-serif; font-size: 12px; text-transform: uppercase; letter-spacing: 0.6px; color: #1e1e1e;\">\n  <div style=\"display: flex; gap: 40px;\">\n    <a style=\"color: #1e1e1e; text-decoration: none;\" href=\"https:\/\/publicservice.gov.mt\/mt\/page\/privacy-policy\" target=\"_blank\" rel=\"noopener noreferrer\">Politika tal-Privatezza<\/a>\n    <a style=\"color: #1e1e1e; text-decoration: none;\" href=\"https:\/\/publicservice.gov.mt\/mt\/page\/terms-of-use\" target=\"_blank\" rel=\"noopener noreferrer\">Termini tal-U\u017cu<\/a>\n    <a style=\"color: #1e1e1e; text-decoration: none;\" href=\"https:\/\/publicservice.gov.mt\/mt\/page\/accessibility-statement\" target=\"_blank\" rel=\"noopener noreferrer\">Dikjarazzjoni ta' A\u010b\u010bessibilit\u00e0<\/a>\n    <a style=\"color: #1e1e1e; text-decoration: none;\" href=\"https:\/\/publicservice.gov.mt\/mt\/page\/cookie-policy\" target=\"_blank\" rel=\"noopener noreferrer\">Cookie Policy<\/a>\n  <\/div>\n<\/div>\t\t\t\t\t\t\t\t<\/div>\n\t\t\t\t<\/div>\n\t\t\t\t<\/div>\n\t\t\t\t<\/div>","protected":false},"excerpt":{"rendered":"<p>Register Agenda Floor Plan Contact Hamburger Toggle Menu Floor Plan Floor plan text goes here View Full screen ABOUT US [&hellip;]<\/p>\n","protected":false},"author":1,"featured_media":0,"parent":0,"menu_order":0,"comment_status":"closed","ping_status":"closed","template":"elementor_canvas","meta":{"site-sidebar-layout":"default","site-content-layout":"","ast-site-content-layout":"default","site-content-style":"default","site-sidebar-style":"default","ast-global-header-display":"","ast-banner-title-visibility":"","ast-main-header-display":"","ast-hfb-above-header-display":"","ast-hfb-below-header-display":"","ast-hfb-mobile-header-display":"","site-post-title":"disabled","ast-breadcrumbs-content":"","ast-featured-img":"","footer-sml-layout":"","ast-disable-related-posts":"","theme-transparent-header-meta":"","adv-header-id-meta":"","stick-header-meta":"","header-above-stick-meta":"","header-main-stick-meta":"","header-below-stick-meta":"","astra-migrate-meta-layouts":"default","ast-page-background-enabled":"default","ast-page-background-meta":{"desktop":{"background-color":"var(--ast-global-color-5)","background-image":"","background-repeat":"repeat","background-position":"center center","background-size":"auto","background-attachment":"scroll","background-type":"","background-media":"","overlay-type":"","overlay-color":"","overlay-opacity":"","overlay-gradient":""},"tablet":{"background-color":"","background-image":"","background-repeat":"repeat","background-position":"center center","background-size":"auto","background-attachment":"scroll","background-type":"","background-media":"","overlay-type":"","overlay-color":"","overlay-opacity":"","overlay-gradient":""},"mobile":{"background-color":"","background-image":"","background-repeat":"repeat","background-position":"center center","background-size":"auto","background-attachment":"scroll","background-type":"","background-media":"","overlay-type":"","overlay-color":"","overlay-opacity":"","overlay-gradient":""}},"ast-content-background-meta":{"desktop":{"background-color":"var(--ast-global-color-4)","background-image":"","background-repeat":"repeat","background-position":"center center","background-size":"auto","background-attachment":"scroll","background-type":"","background-media":"","overlay-type":"","overlay-color":"","overlay-opacity":"","overlay-gradient":""},"tablet":{"background-color":"var(--ast-global-color-4)","background-image":"","background-repeat":"repeat","background-position":"center center","background-size":"auto","background-attachment":"scroll","background-type":"","background-media":"","overlay-type":"","overlay-color":"","overlay-opacity":"","overlay-gradient":""},"mobile":{"background-color":"var(--ast-global-color-4)","background-image":"","background-repeat":"repeat","background-position":"center center","background-size":"auto","background-attachment":"scroll","background-type":"","background-media":"","overlay-type":"","overlay-color":"","overlay-opacity":"","overlay-gradient":""}},"footnotes":""},"class_list":["post-37","page","type-page","status-publish","hentry"],"_hostinger_reach_plugin_has_subscription_block":false,"_hostinger_reach_plugin_is_elementor":false,"_links":{"self":[{"href":"https:\/\/backup.imuhosting.com\/mt\/wp-json\/wp\/v2\/pages\/37","targetHints":{"allow":["GET"]}}],"collection":[{"href":"https:\/\/backup.imuhosting.com\/mt\/wp-json\/wp\/v2\/pages"}],"about":[{"href":"https:\/\/backup.imuhosting.com\/mt\/wp-json\/wp\/v2\/types\/page"}],"author":[{"embeddable":true,"href":"https:\/\/backup.imuhosting.com\/mt\/wp-json\/wp\/v2\/users\/1"}],"replies":[{"embeddable":true,"href":"https:\/\/backup.imuhosting.com\/mt\/wp-json\/wp\/v2\/comments?post=37"}],"version-history":[{"count":18,"href":"https:\/\/backup.imuhosting.com\/mt\/wp-json\/wp\/v2\/pages\/37\/revisions"}],"predecessor-version":[{"id":445,"href":"https:\/\/backup.imuhosting.com\/mt\/wp-json\/wp\/v2\/pages\/37\/revisions\/445"}],"wp:attachment":[{"href":"https:\/\/backup.imuhosting.com\/mt\/wp-json\/wp\/v2\/media?parent=37"}],"curies":[{"name":"wp","href":"https:\/\/api.w.org\/{rel}","templated":true}]}}